{"id":15369,"date":"2013-10-07T14:49:52","date_gmt":"2013-10-07T13:49:52","guid":{"rendered":"http:\/\/indigointeriores.es\/portfolio\/gallery-style\/copia-de-two-columns-grid"},"modified":"2022-03-16T18:16:24","modified_gmt":"2022-03-16T18:16:24","slug":"galeria","status":"publish","type":"page","link":"https:\/\/indigointeriores.es\/en\/portfolio\/gallery-style\/galeria\/","title":{"rendered":"GALLERY"},"content":{"rendered":"<p>[vc_row css_animation=&#8221;&#8221; row_type=&#8221;row&#8221; use_row_as_full_screen_section=&#8221;no&#8221; type=&#8221;full_width&#8221; angled_section=&#8221;no&#8221; text_align=&#8221;left&#8221; background_image_as_pattern=&#8221;without_pattern&#8221;][vc_column][vc_separator type=&#8221;transparent&#8221; up=&#8221;60&#8243;][vc_tabs style=&#8221;vertical_left&#8221;][vc_tab title=&#8221;RESIDENTIAL&#8221; tab_id=&#8221;10498af6-f049-0&#8243;][vc_gallery interval=&#8221;3&#8243; images=&#8221;15807,15808,15810,15812,15813,15814,15815,15816,15819,15822,15823,15824,15825,15967,15968,15969,15970,15971,15972,15973,15974,15975,15976,15977,15979,15980,15981,16000&#8243; img_size=&#8221;full&#8221;][\/vc_tab][vc_tab title=&#8221;HOTEL AND HOSPITALITY&#8221; tab_id=&#8221;3ab16bed-a6a1-3&#8243;][vc_gallery interval=&#8221;3&#8243; images=&#8221;15838,15837,15836,15835,15834,15833,15832,15831,15830,15829,15828,15827,15994,15995,15996,15997,15998,15999&#8243; img_size=&#8221;full&#8221;][\/vc_tab][vc_tab title=&#8221;RESTAURANTS | BARS&#8221; tab_id=&#8221;1528119792076-2-0&#8243;][vc_gallery interval=&#8221;3&#8243; images=&#8221;15850,15849,15848,15847,15846,15845,15844,15843,15842,15841&#8243; img_size=&#8221;full&#8221;][\/vc_tab][vc_tab title=&#8221;CORPORATE AND OFFICE&#8221; tab_id=&#8221;1528119853582-3-6&#8243;][vc_gallery interval=&#8221;3&#8243; images=&#8221;15855,15854,15853,15852,15851&#8243; img_size=&#8221;full&#8221;][\/vc_tab][vc_tab title=&#8221;HEALTHCARE&#8221; tab_id=&#8221;1528119888266-4-6&#8243;][vc_gallery interval=&#8221;3&#8243; images=&#8221;15859,15858,15857,15856&#8243; img_size=&#8221;full&#8221;][\/vc_tab][vc_tab title=&#8221;PUBLIC SPACES&#8221; tab_id=&#8221;1528119908843-5-1&#8243;][vc_gallery interval=&#8221;3&#8243; images=&#8221;15863,15862,15861,15860&#8243; img_size=&#8221;full&#8221;][\/vc_tab][vc_tab title=&#8221;RETAIL | COMMERCIAL&#8221; tab_id=&#8221;1528119931175-6-1&#8243;][vc_gallery interval=&#8221;3&#8243; images=&#8221;15865,15873,15872,15871,15870,15869,15868,15867&#8243; img_size=&#8221;full&#8221;][\/vc_tab][\/vc_tabs][\/vc_column][\/vc_row][vc_row css_animation=&#8221;&#8221; row_type=&#8221;row&#8221; use_row_as_full_screen_section=&#8221;no&#8221; type=&#8221;full_width&#8221; angled_section=&#8221;no&#8221; text_align=&#8221;left&#8221; background_image_as_pattern=&#8221;without_pattern&#8221;][vc_column][vc_separator type=&#8221;transparent&#8221;]<div class='qode_carousels_holder clearfix'><div class='qode_carousels' data-number-of-visible-items=''><ul class='slides'><li class='item'><div class=\"carousel_item_holder\"><span class='first_image_holder '><img itemprop=\"image\" src=\"http:\/\/indigointeriores.es\/wp-content\/uploads\/2018\/06\/logos-clientes-01.jpg\" alt=\"carousel image\" \/><\/span><\/div><\/li><li class='item'><div class=\"carousel_item_holder\"><span class='first_image_holder '><img itemprop=\"image\" src=\"http:\/\/indigointeriores.es\/wp-content\/uploads\/2018\/06\/logos-clientes-14.jpg\" alt=\"carousel image\" \/><\/span><\/div><\/li><li class='item'><div class=\"carousel_item_holder\"><span class='first_image_holder '><img itemprop=\"image\" src=\"http:\/\/indigointeriores.es\/wp-content\/uploads\/2018\/06\/logos-clientes-13.jpg\" alt=\"carousel image\" \/><\/span><\/div><\/li><li class='item'><div class=\"carousel_item_holder\"><span class='first_image_holder '><img itemprop=\"image\" src=\"http:\/\/indigointeriores.es\/wp-content\/uploads\/2018\/06\/logos-clientes-12.jpg\" alt=\"carousel image\" \/><\/span><\/div><\/li><li class='item'><div class=\"carousel_item_holder\"><span class='first_image_holder '><img itemprop=\"image\" src=\"http:\/\/indigointeriores.es\/wp-content\/uploads\/2018\/06\/logos-clientes-11.jpg\" alt=\"carousel image\" \/><\/span><\/div><\/li><li class='item'><div class=\"carousel_item_holder\"><span class='first_image_holder '><img itemprop=\"image\" src=\"http:\/\/indigointeriores.es\/wp-content\/uploads\/2018\/06\/logos-clientes-09.jpg\" alt=\"carousel image\" \/><\/span><\/div><\/li><li class='item'><div class=\"carousel_item_holder\"><span class='first_image_holder '><img itemprop=\"image\" src=\"http:\/\/indigointeriores.es\/wp-content\/uploads\/2018\/06\/logos-clientes-10.jpg\" alt=\"carousel image\" \/><\/span><\/div><\/li><li class='item'><div class=\"carousel_item_holder\"><span class='first_image_holder '><img itemprop=\"image\" src=\"http:\/\/indigointeriores.es\/wp-content\/uploads\/2018\/06\/logos-clientes-08.jpg\" alt=\"carousel image\" \/><\/span><\/div><\/li><li class='item'><div class=\"carousel_item_holder\"><span class='first_image_holder '><img itemprop=\"image\" src=\"http:\/\/indigointeriores.es\/wp-content\/uploads\/2018\/06\/logos-clientes-07.jpg\" alt=\"carousel image\" \/><\/span><\/div><\/li><li class='item'><div class=\"carousel_item_holder\"><span class='first_image_holder '><img itemprop=\"image\" src=\"http:\/\/indigointeriores.es\/wp-content\/uploads\/2018\/06\/logos-clientes-06.jpg\" alt=\"carousel image\" \/><\/span><\/div><\/li><li class='item'><div class=\"carousel_item_holder\"><span class='first_image_holder '><img itemprop=\"image\" src=\"http:\/\/indigointeriores.es\/wp-content\/uploads\/2018\/06\/logos-clientes-04.jpg\" alt=\"carousel image\" \/><\/span><\/div><\/li><li class='item'><div class=\"carousel_item_holder\"><span class='first_image_holder '><img itemprop=\"image\" src=\"http:\/\/indigointeriores.es\/wp-content\/uploads\/2018\/06\/logos-clientes-05.jpg\" alt=\"carousel image\" \/><\/span><\/div><\/li><li class='item'><div class=\"carousel_item_holder\"><span class='first_image_holder '><img itemprop=\"image\" src=\"http:\/\/indigointeriores.es\/wp-content\/uploads\/2018\/06\/logos-clientes-03.jpg\" alt=\"carousel image\" \/><\/span><\/div><\/li><li class='item'><div class=\"carousel_item_holder\"><span class='first_image_holder '><img itemprop=\"image\" src=\"http:\/\/indigointeriores.es\/wp-content\/uploads\/2018\/06\/logos-clientes-02.jpg\" alt=\"carousel image\" \/><\/span><\/div><\/li><li class='item'><div class=\"carousel_item_holder\"><span class='first_image_holder '><img itemprop=\"image\" src=\"http:\/\/indigointeriores.es\/wp-content\/uploads\/2018\/08\/logos-clientes-16.png\" alt=\"carousel image\" \/><\/span><\/div><\/li><li class='item'><div class=\"carousel_item_holder\"><span class='first_image_holder '><img itemprop=\"image\" src=\"http:\/\/indigointeriores.es\/wp-content\/uploads\/2018\/08\/logos-clientes-17.png\" alt=\"carousel image\" \/><\/span><\/div><\/li><\/ul><\/div><\/div>[vc_separator type=&#8221;transparent&#8221;][\/vc_column][\/vc_row]<\/p>","protected":false},"excerpt":{"rendered":"<p>[vc_row css_animation=&#8221;&#8221; row_type=&#8221;row&#8221; use_row_as_full_screen_section=&#8221;no&#8221; type=&#8221;full_width&#8221; angled_section=&#8221;no&#8221; text_align=&#8221;left&#8221; background_image_as_pattern=&#8221;without_pattern&#8221;][vc_column][vc_separator type=&#8221;transparent&#8221; up=&#8221;60&#8243;][vc_tabs style=&#8221;vertical_left&#8221;][vc_tab title=&#8221;RESIDENTIAL&#8221; tab_id=&#8221;10498af6-f049-0&#8243;][vc_gallery interval=&#8221;3&#8243; images=&#8221;15807,15808,15810,15812,15813,15814,15815,15816,15819,15822,15823,15824,15825,15967,15968,15969,15970,15971,15972,15973,15974,15975,15976,15977,15979,15980,15981,16000&#8243; img_size=&#8221;full&#8221;][\/vc_tab][vc_tab title=&#8221;HOTEL AND HOSPITALITY&#8221; tab_id=&#8221;3ab16bed-a6a1-3&#8243;][vc_gallery interval=&#8221;3&#8243; images=&#8221;15838,15837,15836,15835,15834,15833,15832,15831,15830,15829,15828,15827,15994,15995,15996,15997,15998,15999&#8243; img_size=&#8221;full&#8221;][\/vc_tab][vc_tab title=&#8221;RESTAURANTS | BARS&#8221; tab_id=&#8221;1528119792076-2-0&#8243;][vc_gallery interval=&#8221;3&#8243; images=&#8221;15850,15849,15848,15847,15846,15845,15844,15843,15842,15841&#8243; img_size=&#8221;full&#8221;][\/vc_tab][vc_tab title=&#8221;CORPORATE AND OFFICE&#8221; tab_id=&#8221;1528119853582-3-6&#8243;][vc_gallery interval=&#8221;3&#8243; images=&#8221;15855,15854,15853,15852,15851&#8243; img_size=&#8221;full&#8221;][\/vc_tab][vc_tab title=&#8221;HEALTHCARE&#8221; tab_id=&#8221;1528119888266-4-6&#8243;][vc_gallery interval=&#8221;3&#8243; images=&#8221;15859,15858,15857,15856&#8243; img_size=&#8221;full&#8221;][\/vc_tab][vc_tab title=&#8221;PUBLIC SPACES&#8221; tab_id=&#8221;1528119908843-5-1&#8243;][vc_gallery&#8230;<\/p>\n","protected":false},"author":3,"featured_media":0,"parent":1388,"menu_order":0,"comment_status":"open","ping_status":"closed","template":"","meta":[],"yoast_head":"<!-- This site is optimized with the Yoast SEO plugin v20.6 - https:\/\/yoast.com\/wordpress\/plugins\/seo\/ -->\n<title>Galer\u00eda de fotos - Indigo Interiores<\/title>\n<meta name=\"description\" content=\"Galer\u00eda de los trabajos realizados en viviendas, hoteles, restaurantes, cl\u00ednicas y otros negocios a los que hemos prestado nuestros servicio.\" \/>\n<meta name=\"robots\" content=\"index, follow, max-snippet:-1, max-image-preview:large, max-video-preview:-1\" \/>\n<link rel=\"canonical\" href=\"https:\/\/indigointeriores.es\/portfolio\/gallery-style\/galeria\/\" \/>\n<meta property=\"og:locale\" content=\"en_US\" \/>\n<meta property=\"og:type\" content=\"article\" \/>\n<meta property=\"og:title\" content=\"Galer\u00eda de fotos - Indigo Interiores\" \/>\n<meta property=\"og:description\" content=\"Galer\u00eda de los trabajos realizados en viviendas, hoteles, restaurantes, cl\u00ednicas y otros negocios a los que hemos prestado nuestros servicio.\" \/>\n<meta property=\"og:url\" content=\"https:\/\/indigointeriores.es\/portfolio\/gallery-style\/galeria\/\" \/>\n<meta property=\"og:site_name\" content=\"Indigo Interiores\" \/>\n<meta property=\"article:modified_time\" content=\"2022-03-16T18:16:24+00:00\" \/>\n<meta name=\"twitter:card\" content=\"summary_large_image\" \/>\n<meta name=\"twitter:label1\" content=\"Est. reading time\" \/>\n\t<meta name=\"twitter:data1\" content=\"2 minutes\" \/>\n<script type=\"application\/ld+json\" class=\"yoast-schema-graph\">{\"@context\":\"https:\/\/schema.org\",\"@graph\":[{\"@type\":\"WebPage\",\"@id\":\"https:\/\/indigointeriores.es\/portfolio\/gallery-style\/galeria\/\",\"url\":\"https:\/\/indigointeriores.es\/portfolio\/gallery-style\/galeria\/\",\"name\":\"Galer\u00eda de fotos - Indigo Interiores\",\"isPartOf\":{\"@id\":\"https:\/\/indigointeriores.es\/#website\"},\"datePublished\":\"2013-10-07T13:49:52+00:00\",\"dateModified\":\"2022-03-16T18:16:24+00:00\",\"description\":\"Galer\u00eda de los trabajos realizados en viviendas, hoteles, restaurantes, cl\u00ednicas y otros negocios a los que hemos prestado nuestros servicio.\",\"breadcrumb\":{\"@id\":\"https:\/\/indigointeriores.es\/portfolio\/gallery-style\/galeria\/#breadcrumb\"},\"inLanguage\":\"en-US\",\"potentialAction\":[{\"@type\":\"ReadAction\",\"target\":[\"https:\/\/indigointeriores.es\/portfolio\/gallery-style\/galeria\/\"]}]},{\"@type\":\"BreadcrumbList\",\"@id\":\"https:\/\/indigointeriores.es\/portfolio\/gallery-style\/galeria\/#breadcrumb\",\"itemListElement\":[{\"@type\":\"ListItem\",\"position\":1,\"name\":\"Portada\",\"item\":\"https:\/\/indigointeriores.es\/\"},{\"@type\":\"ListItem\",\"position\":2,\"name\":\"Portfolio\",\"item\":\"https:\/\/indigointeriores.es\/portfolio\/\"},{\"@type\":\"ListItem\",\"position\":3,\"name\":\"Gallery Style\",\"item\":\"https:\/\/indigointeriores.es\/portfolio\/gallery-style\/\"},{\"@type\":\"ListItem\",\"position\":4,\"name\":\"GALERIA\"}]},{\"@type\":\"WebSite\",\"@id\":\"https:\/\/indigointeriores.es\/#website\",\"url\":\"https:\/\/indigointeriores.es\/\",\"name\":\"Indigo Interiores\",\"description\":\"dise\u00f1o de interiores\",\"potentialAction\":[{\"@type\":\"SearchAction\",\"target\":{\"@type\":\"EntryPoint\",\"urlTemplate\":\"https:\/\/indigointeriores.es\/?s={search_term_string}\"},\"query-input\":\"required name=search_term_string\"}],\"inLanguage\":\"en-US\"}]}<\/script>\n<!-- \/ Yoast SEO plugin. -->","yoast_head_json":{"title":"Galer\u00eda de fotos - Indigo Interiores","description":"Galer\u00eda de los trabajos realizados en viviendas, hoteles, restaurantes, cl\u00ednicas y otros negocios a los que hemos prestado nuestros servicio.","robots":{"index":"index","follow":"follow","max-snippet":"max-snippet:-1","max-image-preview":"max-image-preview:large","max-video-preview":"max-video-preview:-1"},"canonical":"https:\/\/indigointeriores.es\/portfolio\/gallery-style\/galeria\/","og_locale":"en_US","og_type":"article","og_title":"Galer\u00eda de fotos - Indigo Interiores","og_description":"Galer\u00eda de los trabajos realizados en viviendas, hoteles, restaurantes, cl\u00ednicas y otros negocios a los que hemos prestado nuestros servicio.","og_url":"https:\/\/indigointeriores.es\/portfolio\/gallery-style\/galeria\/","og_site_name":"Indigo Interiores","article_modified_time":"2022-03-16T18:16:24+00:00","twitter_card":"summary_large_image","twitter_misc":{"Est. reading time":"2 minutes"},"schema":{"@context":"https:\/\/schema.org","@graph":[{"@type":"WebPage","@id":"https:\/\/indigointeriores.es\/portfolio\/gallery-style\/galeria\/","url":"https:\/\/indigointeriores.es\/portfolio\/gallery-style\/galeria\/","name":"Galer\u00eda de fotos - Indigo Interiores","isPartOf":{"@id":"https:\/\/indigointeriores.es\/#website"},"datePublished":"2013-10-07T13:49:52+00:00","dateModified":"2022-03-16T18:16:24+00:00","description":"Galer\u00eda de los trabajos realizados en viviendas, hoteles, restaurantes, cl\u00ednicas y otros negocios a los que hemos prestado nuestros servicio.","breadcrumb":{"@id":"https:\/\/indigointeriores.es\/portfolio\/gallery-style\/galeria\/#breadcrumb"},"inLanguage":"en-US","potentialAction":[{"@type":"ReadAction","target":["https:\/\/indigointeriores.es\/portfolio\/gallery-style\/galeria\/"]}]},{"@type":"BreadcrumbList","@id":"https:\/\/indigointeriores.es\/portfolio\/gallery-style\/galeria\/#breadcrumb","itemListElement":[{"@type":"ListItem","position":1,"name":"Portada","item":"https:\/\/indigointeriores.es\/"},{"@type":"ListItem","position":2,"name":"Portfolio","item":"https:\/\/indigointeriores.es\/portfolio\/"},{"@type":"ListItem","position":3,"name":"Gallery Style","item":"https:\/\/indigointeriores.es\/portfolio\/gallery-style\/"},{"@type":"ListItem","position":4,"name":"GALERIA"}]},{"@type":"WebSite","@id":"https:\/\/indigointeriores.es\/#website","url":"https:\/\/indigointeriores.es\/","name":"Indigo Interiores","description":"dise\u00f1o de interiores","potentialAction":[{"@type":"SearchAction","target":{"@type":"EntryPoint","urlTemplate":"https:\/\/indigointeriores.es\/?s={search_term_string}"},"query-input":"required name=search_term_string"}],"inLanguage":"en-US"}]}},"_links":{"self":[{"href":"https:\/\/indigointeriores.es\/en\/wp-json\/wp\/v2\/pages\/15369"}],"collection":[{"href":"https:\/\/indigointeriores.es\/en\/wp-json\/wp\/v2\/pages"}],"about":[{"href":"https:\/\/indigointeriores.es\/en\/wp-json\/wp\/v2\/types\/page"}],"author":[{"embeddable":true,"href":"https:\/\/indigointeriores.es\/en\/wp-json\/wp\/v2\/users\/3"}],"replies":[{"embeddable":true,"href":"https:\/\/indigointeriores.es\/en\/wp-json\/wp\/v2\/comments?post=15369"}],"version-history":[{"count":82,"href":"https:\/\/indigointeriores.es\/en\/wp-json\/wp\/v2\/pages\/15369\/revisions"}],"predecessor-version":[{"id":16049,"href":"https:\/\/indigointeriores.es\/en\/wp-json\/wp\/v2\/pages\/15369\/revisions\/16049"}],"up":[{"embeddable":true,"href":"https:\/\/indigointeriores.es\/en\/wp-json\/wp\/v2\/pages\/1388"}],"wp:attachment":[{"href":"https:\/\/indigointeriores.es\/en\/wp-json\/wp\/v2\/media?parent=15369"}],"curies":[{"name":"wp","href":"https:\/\/api.w.org\/{rel}","templated":true}]}}