{"id":14479,"date":"2014-03-28T11:13:31","date_gmt":"2014-03-28T11:13:31","guid":{"rendered":"http:\/\/demo.qodeinteractive.com\/bridge\/?page_id=14479"},"modified":"2022-03-15T19:28:12","modified_gmt":"2022-03-15T19:28:12","slug":"diseno-de-interiores","status":"publish","type":"page","link":"https:\/\/indigointeriores.es\/en\/diseno-de-interiores\/","title":{"rendered":"INTERIOR DESIGN"},"content":{"rendered":"<p>[vc_row css_animation=&#8221;&#8221; row_type=&#8221;row&#8221; use_row_as_full_screen_section=&#8221;no&#8221; type=&#8221;grid&#8221; angled_section=&#8221;no&#8221; text_align=&#8221;left&#8221; background_image_as_pattern=&#8221;without_pattern&#8221; background_color=&#8221;#ffffff&#8221; padding_top=&#8221;87&#8243; padding_bottom=&#8221;95&#8243;][vc_column width=&#8221;1\/2&#8243;][vc_single_image image=&#8221;15557&#8243; img_size=&#8221;full&#8221; qode_css_animation=&#8221;&#8221;][\/vc_column][vc_column width=&#8221;1\/2&#8243;]<blockquote class=' with_quote_icon' style=''><i class='fa fa-quote-right pull-left' style=''><\/i><h5 class='blockquote-text' style=''>Beautiful and functional interiors<\/h5><\/blockquote>[vc_separator type=&#8221;transparent&#8221; up=&#8221;10&#8243; down=&#8221;10&#8243;][vc_column_text]<span style=\"font-family: arial, helvetica, sans-serif;\">At <strong>Indigo Interiores,<\/strong> we study each space in an individual and personal manner, from the initial phases of the interior design project to its final execution.<\/span><\/p>\n<p><span style=\"font-family: arial, helvetica, sans-serif;\">Our sole purpose is to s<strong>atisfy and meet the specific demands of each customer<\/strong>. In order to achieve this goal we analyze and evaluate the needs of the customer in conjunction with all requirements related to the \u201cspace\u201d and budget available.<\/span><\/p>\n<p><span style=\"font-family: arial, helvetica, sans-serif;\">We offer and propose plans, elevations, choice of furniture and lighting, all under the preparation of accurate budgets. These services can be complemented with detailed drawings, samples, 3D infographics and any other pre requisite the customer may need.\u00a0 Through our creative and meticulous mentality we offer solutions for all projects, always providing added value and exclusiveness to the space.<\/span><\/p>\n<p><span style=\"font-family: arial, helvetica, sans-serif;\">The obejctive is to achieve a unique and heartily atmosphere which also meets the functional needs of the project.<\/span>[\/vc_column_text][vc_separator type=&#8221;transparent&#8221; up=&#8221;10&#8243; down=&#8221;10&#8243;]<blockquote class=' with_quote_icon' style=''><i class='fa fa-quote-right pull-left' style=''><\/i><h5 class='blockquote-text' style=''>Our interior design services range from...<\/h5><\/blockquote>[vc_separator type=&#8221;transparent&#8221; up=&#8221;5&#8243; down=&#8221;20&#8243;]<div class='q_list circle'><\/p>\n<ul>\n<li>\n<p class=\"p1\"><span style=\"font-family: arial, helvetica, sans-serif;\">Comprehensive interior design projects<\/span><\/p>\n<\/li>\n<li>\n<p class=\"p1\"><span style=\"font-family: arial, helvetica, sans-serif;\">Construction management of interior spaces<\/span><\/p>\n<\/li>\n<li>\n<p class=\"p1\"><span style=\"font-family: arial, helvetica, sans-serif;\">Commercial interior design for businesses and companies<\/span><\/p>\n<\/li>\n<li>\n<p class=\"p1\"><span style=\"font-family: arial, helvetica, sans-serif;\">Interior design consultancy<\/span><\/p>\n<\/li>\n<li>\n<p class=\"p1\"><span style=\"font-family: arial, helvetica, sans-serif;\">3D Interior design and rendering<\/span><\/p>\n<\/li>\n<li>\n<p class=\"p1\"><span style=\"font-family: arial, helvetica, sans-serif;\">Selection and supply of furniture and decorative elements<\/span><\/p>\n<\/li>\n<\/ul>\n<p><\/div>[\/vc_column][\/vc_row]<\/p>","protected":false},"excerpt":{"rendered":"<p>[vc_row css_animation=&#8221;&#8221; row_type=&#8221;row&#8221; use_row_as_full_screen_section=&#8221;no&#8221; type=&#8221;grid&#8221; angled_section=&#8221;no&#8221; text_align=&#8221;left&#8221; background_image_as_pattern=&#8221;without_pattern&#8221; background_color=&#8221;#ffffff&#8221; padding_top=&#8221;87&#8243; padding_bottom=&#8221;95&#8243;][vc_column width=&#8221;1\/2&#8243;][vc_single_image image=&#8221;15557&#8243; img_size=&#8221;full&#8221; qode_css_animation=&#8221;&#8221;][\/vc_column][vc_column width=&#8221;1\/2&#8243;][vc_separator type=&#8221;transparent&#8221; up=&#8221;10&#8243; down=&#8221;10&#8243;][vc_column_text]At Indigo Interiores, we study each space in an individual and personal manner, from the initial phases of the interior design project to its final execution. Our&#8230;<\/p>\n","protected":false},"author":3,"featured_media":0,"parent":0,"menu_order":0,"comment_status":"open","ping_status":"closed","template":"full_width.php","meta":[],"yoast_head":"<!-- This site is optimized with the Yoast SEO plugin v20.6 - https:\/\/yoast.com\/wordpress\/plugins\/seo\/ -->\n<title>Dise\u00f1o de Interiores - Indigo Interiores<\/title>\n<meta name=\"description\" content=\"Dise\u00f1o de interiores bellos y funcionales. Nuestro objetivo es atender las demandas espec\u00edficas de cada cliente.\" \/>\n<meta name=\"robots\" content=\"index, follow, max-snippet:-1, max-image-preview:large, max-video-preview:-1\" \/>\n<link rel=\"canonical\" href=\"https:\/\/indigointeriores.es\/diseno-de-interiores\/\" \/>\n<meta property=\"og:locale\" content=\"en_US\" \/>\n<meta property=\"og:type\" content=\"article\" \/>\n<meta property=\"og:title\" content=\"Dise\u00f1o de Interiores - Indigo Interiores\" \/>\n<meta property=\"og:description\" content=\"Dise\u00f1o de interiores bellos y funcionales. Nuestro objetivo es atender las demandas espec\u00edficas de cada cliente.\" \/>\n<meta property=\"og:url\" content=\"https:\/\/indigointeriores.es\/diseno-de-interiores\/\" \/>\n<meta property=\"og:site_name\" content=\"Indigo Interiores\" \/>\n<meta property=\"article:modified_time\" content=\"2022-03-15T19:28:12+00:00\" \/>\n<meta name=\"twitter:card\" content=\"summary_large_image\" \/>\n<meta name=\"twitter:label1\" content=\"Est. reading time\" \/>\n\t<meta name=\"twitter:data1\" content=\"3 minutes\" \/>\n<script type=\"application\/ld+json\" class=\"yoast-schema-graph\">{\"@context\":\"https:\/\/schema.org\",\"@graph\":[{\"@type\":\"WebPage\",\"@id\":\"https:\/\/indigointeriores.es\/diseno-de-interiores\/\",\"url\":\"https:\/\/indigointeriores.es\/diseno-de-interiores\/\",\"name\":\"Dise\u00f1o de Interiores - Indigo Interiores\",\"isPartOf\":{\"@id\":\"https:\/\/indigointeriores.es\/#website\"},\"datePublished\":\"2014-03-28T11:13:31+00:00\",\"dateModified\":\"2022-03-15T19:28:12+00:00\",\"description\":\"Dise\u00f1o de interiores bellos y funcionales. Nuestro objetivo es atender las demandas espec\u00edficas de cada cliente.\",\"breadcrumb\":{\"@id\":\"https:\/\/indigointeriores.es\/diseno-de-interiores\/#breadcrumb\"},\"inLanguage\":\"en-US\",\"potentialAction\":[{\"@type\":\"ReadAction\",\"target\":[\"https:\/\/indigointeriores.es\/diseno-de-interiores\/\"]}]},{\"@type\":\"BreadcrumbList\",\"@id\":\"https:\/\/indigointeriores.es\/diseno-de-interiores\/#breadcrumb\",\"itemListElement\":[{\"@type\":\"ListItem\",\"position\":1,\"name\":\"Portada\",\"item\":\"https:\/\/indigointeriores.es\/\"},{\"@type\":\"ListItem\",\"position\":2,\"name\":\"DISE\u00d1O DE INTERIORES\"}]},{\"@type\":\"WebSite\",\"@id\":\"https:\/\/indigointeriores.es\/#website\",\"url\":\"https:\/\/indigointeriores.es\/\",\"name\":\"Indigo Interiores\",\"description\":\"dise\u00f1o de interiores\",\"potentialAction\":[{\"@type\":\"SearchAction\",\"target\":{\"@type\":\"EntryPoint\",\"urlTemplate\":\"https:\/\/indigointeriores.es\/?s={search_term_string}\"},\"query-input\":\"required name=search_term_string\"}],\"inLanguage\":\"en-US\"}]}<\/script>\n<!-- \/ Yoast SEO plugin. -->","yoast_head_json":{"title":"Dise\u00f1o de Interiores - Indigo Interiores","description":"Dise\u00f1o de interiores bellos y funcionales. Nuestro objetivo es atender las demandas espec\u00edficas de cada cliente.","robots":{"index":"index","follow":"follow","max-snippet":"max-snippet:-1","max-image-preview":"max-image-preview:large","max-video-preview":"max-video-preview:-1"},"canonical":"https:\/\/indigointeriores.es\/diseno-de-interiores\/","og_locale":"en_US","og_type":"article","og_title":"Dise\u00f1o de Interiores - Indigo Interiores","og_description":"Dise\u00f1o de interiores bellos y funcionales. Nuestro objetivo es atender las demandas espec\u00edficas de cada cliente.","og_url":"https:\/\/indigointeriores.es\/diseno-de-interiores\/","og_site_name":"Indigo Interiores","article_modified_time":"2022-03-15T19:28:12+00:00","twitter_card":"summary_large_image","twitter_misc":{"Est. reading time":"3 minutes"},"schema":{"@context":"https:\/\/schema.org","@graph":[{"@type":"WebPage","@id":"https:\/\/indigointeriores.es\/diseno-de-interiores\/","url":"https:\/\/indigointeriores.es\/diseno-de-interiores\/","name":"Dise\u00f1o de Interiores - Indigo Interiores","isPartOf":{"@id":"https:\/\/indigointeriores.es\/#website"},"datePublished":"2014-03-28T11:13:31+00:00","dateModified":"2022-03-15T19:28:12+00:00","description":"Dise\u00f1o de interiores bellos y funcionales. Nuestro objetivo es atender las demandas espec\u00edficas de cada cliente.","breadcrumb":{"@id":"https:\/\/indigointeriores.es\/diseno-de-interiores\/#breadcrumb"},"inLanguage":"en-US","potentialAction":[{"@type":"ReadAction","target":["https:\/\/indigointeriores.es\/diseno-de-interiores\/"]}]},{"@type":"BreadcrumbList","@id":"https:\/\/indigointeriores.es\/diseno-de-interiores\/#breadcrumb","itemListElement":[{"@type":"ListItem","position":1,"name":"Portada","item":"https:\/\/indigointeriores.es\/"},{"@type":"ListItem","position":2,"name":"DISE\u00d1O DE INTERIORES"}]},{"@type":"WebSite","@id":"https:\/\/indigointeriores.es\/#website","url":"https:\/\/indigointeriores.es\/","name":"Indigo Interiores","description":"dise\u00f1o de interiores","potentialAction":[{"@type":"SearchAction","target":{"@type":"EntryPoint","urlTemplate":"https:\/\/indigointeriores.es\/?s={search_term_string}"},"query-input":"required name=search_term_string"}],"inLanguage":"en-US"}]}},"_links":{"self":[{"href":"https:\/\/indigointeriores.es\/en\/wp-json\/wp\/v2\/pages\/14479"}],"collection":[{"href":"https:\/\/indigointeriores.es\/en\/wp-json\/wp\/v2\/pages"}],"about":[{"href":"https:\/\/indigointeriores.es\/en\/wp-json\/wp\/v2\/types\/page"}],"author":[{"embeddable":true,"href":"https:\/\/indigointeriores.es\/en\/wp-json\/wp\/v2\/users\/3"}],"replies":[{"embeddable":true,"href":"https:\/\/indigointeriores.es\/en\/wp-json\/wp\/v2\/comments?post=14479"}],"version-history":[{"count":24,"href":"https:\/\/indigointeriores.es\/en\/wp-json\/wp\/v2\/pages\/14479\/revisions"}],"predecessor-version":[{"id":16091,"href":"https:\/\/indigointeriores.es\/en\/wp-json\/wp\/v2\/pages\/14479\/revisions\/16091"}],"wp:attachment":[{"href":"https:\/\/indigointeriores.es\/en\/wp-json\/wp\/v2\/media?parent=14479"}],"curies":[{"name":"wp","href":"https:\/\/api.w.org\/{rel}","templated":true}]}}